{"id":2796,"date":"2018-12-02T10:01:40","date_gmt":"2018-12-02T07:01:40","guid":{"rendered":"https:\/\/www.festivalanaokulu.com\/?page_id=2796"},"modified":"2018-12-02T10:22:22","modified_gmt":"2018-12-02T07:22:22","slug":"etkinliklerimiz","status":"publish","type":"page","link":"https:\/\/www.festivalanaokulu.com\/en\/okulumuzu-gezin\/etkinliklerimiz\/","title":{"rendered":"Activities"},"content":{"rendered":"<p><section class=\"\"   style=margin-bottom:10px;background-attachment:fixed;>\n\t\t\t        <div class=\"inner-background\">\n        \t<div class=\"fw-container\" style=\"padding-top:150px;padding-bottom:10px;\">\n\t\t\t\t<div class=\"fw-row\">\n\t<div class=\"fw-col-xs-12\">\n\t<div class=\"col-lg-8 col-lg-offset-2\">\n    <!-- Section heading -->\n    <div class=\"section-heading\">\n        <h2>Activities<\/h2>\n    <\/div>\n<\/div><\/div>\n<\/div>\n\n\t\t\t<\/div>\n        <\/div>\n\t\n\t\n<\/section><section class=\"\"   style=background-attachment:fixed;>\n\t\t\t        <div class=\"inner-background\">\n        \t<div class=\"fw-container\" style=\"padding-top:0px;padding-bottom:20px;\">\n\t\t\t\t<div class=\"fw-row\">\n\t<div class=\"fw-col-xs-12 fw-col-sm-4\">\n\t<h3>Do\u011fum G\u00fcn\u00fc<\/h3><a href=\"https:\/\/www.festivalanaokulu.com\/en\/okulumuzu-gezin\/etkinliklerimiz\/dogum-gunu\/\" target=\"_self\" ><img src=\"https:\/\/www.festivalanaokulu.com\/wp-content\/uploads\/2018\/12\/Sisli-Festival-Anaokulu-Etkinlikler-Dogum-Gunu-1-300x200.jpg\" alt=\"https:\/\/www.festivalanaokulu.com\/wp-content\/uploads\/2018\/12\/Sisli-Festival-Anaokulu-Etkinlikler-Dogum-Gunu-1-300x200.jpg\" width=\"300\" height=\"200\" \/><\/a><\/div>\n<div class=\"fw-col-xs-12 fw-col-sm-4\">\n\t<h3>Mutfak<\/h3><a href=\"https:\/\/www.festivalanaokulu.com\/en\/okulumuzu-gezin\/etkinliklerimiz\/mutfak-etkinligi\/\" target=\"_self\" ><img src=\"https:\/\/www.festivalanaokulu.com\/wp-content\/uploads\/2018\/12\/Sisli-Festival-Anaokulu-Etkinlikler-Mutfak-1-300x200.jpg\" alt=\"https:\/\/www.festivalanaokulu.com\/wp-content\/uploads\/2018\/12\/Sisli-Festival-Anaokulu-Etkinlikler-Mutfak-1-300x200.jpg\" width=\"300\" height=\"200\" \/><\/a><\/div>\n<div class=\"fw-col-xs-12 fw-col-sm-4\">\n\t<h3>Sergi<\/h3><a href=\"https:\/\/www.festivalanaokulu.com\/en\/okulumuzu-gezin\/etkinliklerimiz\/sergi\/\" target=\"_self\" ><img src=\"https:\/\/www.festivalanaokulu.com\/wp-content\/uploads\/2018\/12\/Sisli-Festival-Anaokulu-Etkinlikler-Sergi-1-300x200.jpg\" alt=\"https:\/\/www.festivalanaokulu.com\/wp-content\/uploads\/2018\/12\/Sisli-Festival-Anaokulu-Etkinlikler-Sergi-1-300x200.jpg\" width=\"300\" height=\"200\" \/><\/a><\/div>\n<\/div>\n\n\t\t\t<\/div>\n        <\/div>\n\t\n\t\n<\/section><section class=\"\"   style=background-attachment:fixed;>\n\t\t\t        <div class=\"inner-background\">\n        \t<div class=\"fw-container\" style=\"padding-top:0px;padding-bottom:20px;\">\n\t\t\t\t<div class=\"fw-row\">\n\t<div class=\"fw-col-xs-12 fw-col-sm-4\">\n\t<h3>Sosyal<\/h3><a href=\"https:\/\/www.festivalanaokulu.com\/en\/okulumuzu-gezin\/etkinliklerimiz\/sosyal\/\" target=\"_self\" ><img src=\"https:\/\/www.festivalanaokulu.com\/wp-content\/uploads\/2018\/12\/Sisli-Festival-Anaokulu-Etkinlikler-Sosyal-1-300x200.jpg\" alt=\"https:\/\/www.festivalanaokulu.com\/wp-content\/uploads\/2018\/12\/Sisli-Festival-Anaokulu-Etkinlikler-Sosyal-1-300x200.jpg\" width=\"300\" height=\"200\" \/><\/a><\/div>\n<\/div>\n\n\t\t\t<\/div>\n        <\/div>\n\t\n\t\n<\/section><\/p>","protected":false},"excerpt":{"rendered":"<p>Etkinliklerimiz Do\u011fum G\u00fcn\u00fc Mutfak Sergi Sosyal<\/p>","protected":false},"author":1,"featured_media":0,"parent":2391,"menu_order":6,"comment_status":"closed","ping_status":"closed","template":"","meta":[],"_links":{"self":[{"href":"https:\/\/www.festivalanaokulu.com\/en\/wp-json\/wp\/v2\/pages\/2796"}],"collection":[{"href":"https:\/\/www.festivalanaokulu.com\/en\/wp-json\/wp\/v2\/pages"}],"about":[{"href":"https:\/\/www.festivalanaokulu.com\/en\/wp-json\/wp\/v2\/types\/page"}],"author":[{"embeddable":true,"href":"https:\/\/www.festivalanaokulu.com\/en\/wp-json\/wp\/v2\/users\/1"}],"replies":[{"embeddable":true,"href":"https:\/\/www.festivalanaokulu.com\/en\/wp-json\/wp\/v2\/comments?post=2796"}],"version-history":[{"count":5,"href":"https:\/\/www.festivalanaokulu.com\/en\/wp-json\/wp\/v2\/pages\/2796\/revisions"}],"predecessor-version":[{"id":2835,"href":"https:\/\/www.festivalanaokulu.com\/en\/wp-json\/wp\/v2\/pages\/2796\/revisions\/2835"}],"up":[{"embeddable":true,"href":"https:\/\/www.festivalanaokulu.com\/en\/wp-json\/wp\/v2\/pages\/2391"}],"wp:attachment":[{"href":"https:\/\/www.festivalanaokulu.com\/en\/wp-json\/wp\/v2\/media?parent=2796"}],"curies":[{"name":"wp","href":"https:\/\/api.w.org\/{rel}","templated":true}]}}