{"id":2737,"date":"2018-12-02T09:30:45","date_gmt":"2018-12-02T06:30:45","guid":{"rendered":"https:\/\/www.festivalanaokulu.com\/?page_id=2737"},"modified":"2018-12-02T09:38:19","modified_gmt":"2018-12-02T06:38:19","slug":"civcivler-sinifi-kres","status":"publish","type":"page","link":"https:\/\/www.festivalanaokulu.com\/en\/okulumuzu-gezin\/siniflarimiz\/civcivler-sinifi-kres\/","title":{"rendered":"Civcivler S\u0131n\u0131f\u0131"},"content":{"rendered":"<p><section class=\"\"   style=background-attachment:fixed;>\n\t\t\t        <div class=\"inner-background\">\n        \t<div class=\"fw-container\" style=\"padding-top:150px;padding-bottom:20px;\">\n\t\t\t\t<div class=\"fw-row\">\n\t<div class=\"fw-col-xs-12\">\n\t<div class=\"col-lg-8 col-lg-offset-2\">\n    <!-- Section heading -->\n    <div class=\"section-heading\">\n        <h2>Civciler S\u0131n\u0131f\u0131<\/h2>\n    <\/div>\n<\/div><\/div>\n<\/div>\n\n\t\t\t<\/div>\n        <\/div>\n\t\n\t\n<\/section><section class=\"\"   style=background-attachment:fixed;>\n\t\t\t        <div class=\"inner-background\">\n        \t<div class=\"fw-container\" style=\"padding-top:20px;padding-bottom:20px;\">\n\t\t\t\t<div class=\"fw-row\">\n\t<div class=\"fw-col-xs-12\">\n\t<img src=\"https:\/\/www.festivalanaokulu.com\/wp-content\/uploads\/2018\/12\/Sisli-Festival-Anaokulu-Civciler-Kres-Sinifi-1-1366x768.jpg\" alt=\"https:\/\/www.festivalanaokulu.com\/wp-content\/uploads\/2018\/12\/Sisli-Festival-Anaokulu-Civciler-Kres-Sinifi-1-1366x768.jpg\" width=\"1366\" height=\"768\" \/><\/div>\n<\/div>\n\n\t\t\t<\/div>\n        <\/div>\n\t\n\t\n<\/section><section class=\"\"   style=background-attachment:fixed;>\n\t\t\t        <div class=\"inner-background\">\n        \t<div class=\"fw-container\" style=\"padding-top:20px;padding-bottom:20px;\">\n\t\t\t\t<div class=\"fw-row\">\n\t<div class=\"fw-col-xs-12\">\n\t<img src=\"https:\/\/www.festivalanaokulu.com\/wp-content\/uploads\/2018\/12\/Sisli-Festival-Anaokulu-Civciler-Kres-Sinifi-2-1366x768.jpg\" alt=\"https:\/\/www.festivalanaokulu.com\/wp-content\/uploads\/2018\/12\/Sisli-Festival-Anaokulu-Civciler-Kres-Sinifi-2-1366x768.jpg\" width=\"1366\" height=\"768\" \/><\/div>\n<\/div>\n\n\t\t\t<\/div>\n        <\/div>\n\t\n\t\n<\/section><section class=\"\"   style=background-attachment:fixed;>\n\t\t\t        <div class=\"inner-background\">\n        \t<div class=\"fw-container\" style=\"padding-top:20px;padding-bottom:20px;\">\n\t\t\t\t<div class=\"fw-row\">\n\t<div class=\"fw-col-xs-12\">\n\t<img src=\"https:\/\/www.festivalanaokulu.com\/wp-content\/uploads\/2018\/12\/Sisli-Festival-Anaokulu-Civciler-Kres-Sinifi-3-1366x768.jpg\" alt=\"https:\/\/www.festivalanaokulu.com\/wp-content\/uploads\/2018\/12\/Sisli-Festival-Anaokulu-Civciler-Kres-Sinifi-3-1366x768.jpg\" width=\"1366\" height=\"768\" \/><\/div>\n<\/div>\n\n\t\t\t<\/div>\n        <\/div>\n\t\n\t\n<\/section><section class=\"\"   style=background-attachment:fixed;>\n\t\t\t        <div class=\"inner-background\">\n        \t<div class=\"fw-container\" style=\"padding-top:20px;padding-bottom:20px;\">\n\t\t\t\t<div class=\"fw-row\">\n\t<div class=\"fw-col-xs-12\">\n\t<img src=\"https:\/\/www.festivalanaokulu.com\/wp-content\/uploads\/2018\/12\/Sisli-Festival-Anaokulu-Civciler-Kres-Sinifi-4-1366x768.jpg\" alt=\"https:\/\/www.festivalanaokulu.com\/wp-content\/uploads\/2018\/12\/Sisli-Festival-Anaokulu-Civciler-Kres-Sinifi-4-1366x768.jpg\" width=\"1366\" height=\"768\" \/><\/div>\n<\/div>\n\n\t\t\t<\/div>\n        <\/div>\n\t\n\t\n<\/section><section class=\"\"   style=background-attachment:fixed;>\n\t\t\t        <div class=\"inner-background\">\n        \t<div class=\"fw-container\" style=\"padding-top:20px;padding-bottom:20px;\">\n\t\t\t\t<div class=\"fw-row\">\n\t<div class=\"fw-col-xs-12\">\n\t<img src=\"https:\/\/www.festivalanaokulu.com\/wp-content\/uploads\/2018\/12\/Sisli-Festival-Anaokulu-Civciler-Kres-Sinifi-6-1366x768.jpg\" alt=\"https:\/\/www.festivalanaokulu.com\/wp-content\/uploads\/2018\/12\/Sisli-Festival-Anaokulu-Civciler-Kres-Sinifi-6-1366x768.jpg\" width=\"1366\" height=\"768\" \/><\/div>\n<\/div>\n\n\t\t\t<\/div>\n        <\/div>\n\t\n\t\n<\/section><section class=\"\"   style=background-attachment:fixed;>\n\t\t\t        <div class=\"inner-background\">\n        \t<div class=\"fw-container\" style=\"padding-top:20px;padding-bottom:20px;\">\n\t\t\t\t<div class=\"fw-row\">\n\t<div class=\"fw-col-xs-12\">\n\t<img src=\"https:\/\/www.festivalanaokulu.com\/wp-content\/uploads\/2018\/12\/Sisli-Festival-Anaokulu-Civciler-Kres-Sinifi-7-1366x768.jpg\" alt=\"https:\/\/www.festivalanaokulu.com\/wp-content\/uploads\/2018\/12\/Sisli-Festival-Anaokulu-Civciler-Kres-Sinifi-7-1366x768.jpg\" width=\"1366\" height=\"768\" \/><\/div>\n<\/div>\n\n\t\t\t<\/div>\n        <\/div>\n\t\n\t\n<\/section><\/p>","protected":false},"excerpt":{"rendered":"<p>Civciler S\u0131n\u0131f\u0131<\/p>","protected":false},"author":1,"featured_media":0,"parent":2678,"menu_order":2,"comment_status":"closed","ping_status":"closed","template":"","meta":[],"_links":{"self":[{"href":"https:\/\/www.festivalanaokulu.com\/en\/wp-json\/wp\/v2\/pages\/2737"}],"collection":[{"href":"https:\/\/www.festivalanaokulu.com\/en\/wp-json\/wp\/v2\/pages"}],"about":[{"href":"https:\/\/www.festivalanaokulu.com\/en\/wp-json\/wp\/v2\/types\/page"}],"author":[{"embeddable":true,"href":"https:\/\/www.festivalanaokulu.com\/en\/wp-json\/wp\/v2\/users\/1"}],"replies":[{"embeddable":true,"href":"https:\/\/www.festivalanaokulu.com\/en\/wp-json\/wp\/v2\/comments?post=2737"}],"version-history":[{"count":4,"href":"https:\/\/www.festivalanaokulu.com\/en\/wp-json\/wp\/v2\/pages\/2737\/revisions"}],"predecessor-version":[{"id":2749,"href":"https:\/\/www.festivalanaokulu.com\/en\/wp-json\/wp\/v2\/pages\/2737\/revisions\/2749"}],"up":[{"embeddable":true,"href":"https:\/\/www.festivalanaokulu.com\/en\/wp-json\/wp\/v2\/pages\/2678"}],"wp:attachment":[{"href":"https:\/\/www.festivalanaokulu.com\/en\/wp-json\/wp\/v2\/media?parent=2737"}],"curies":[{"name":"wp","href":"https:\/\/api.w.org\/{rel}","templated":true}]}}