{"id":2678,"date":"2018-12-01T20:19:13","date_gmt":"2018-12-01T17:19:13","guid":{"rendered":"https:\/\/www.festivalanaokulu.com\/?page_id=2678"},"modified":"2018-12-02T09:44:36","modified_gmt":"2018-12-02T06:44:36","slug":"siniflarimiz","status":"publish","type":"page","link":"https:\/\/www.festivalanaokulu.com\/en\/okulumuzu-gezin\/siniflarimiz\/","title":{"rendered":"CLASSES"},"content":{"rendered":"<p><section class=\"\"   style=margin-bottom:10px;background-attachment:fixed;>\n\t\t\t        <div class=\"inner-background\">\n        \t<div class=\"fw-container\" style=\"padding-top:150px;padding-bottom:10px;\">\n\t\t\t\t<div class=\"fw-row\">\n\t<div class=\"fw-col-xs-12\">\n\t<div class=\"col-lg-8 col-lg-offset-2\">\n    <!-- Section heading -->\n    <div class=\"section-heading\">\n        <h2>CLASSES<\/h2>\n    <\/div>\n<\/div><\/div>\n<\/div>\n\n\t\t\t<\/div>\n        <\/div>\n\t\n\t\n<\/section><section class=\"\"   style=background-attachment:fixed;>\n\t\t\t        <div class=\"inner-background\">\n        \t<div class=\"fw-container\" style=\"padding-top:0px;padding-bottom:20px;\">\n\t\t\t\t<div class=\"fw-row\">\n\t<div class=\"fw-col-xs-12 fw-col-sm-4\">\n\t<h3>Stars<\/h3><a href=\"https:\/\/www.festivalanaokulu.com\/en\/siniflarimiz\/yildizlar-sinifi-ana-sinifi\/\" target=\"_self\" ><img src=\"https:\/\/www.festivalanaokulu.com\/wp-content\/uploads\/2018\/12\/Sisli-Festival-Anaokulu-Yildizlar-Ana-Sinifi-1-300x200.jpg\" alt=\"https:\/\/www.festivalanaokulu.com\/wp-content\/uploads\/2018\/12\/Sisli-Festival-Anaokulu-Yildizlar-Ana-Sinifi-1-300x200.jpg\" width=\"300\" height=\"200\" \/><\/a><\/div>\n<div class=\"fw-col-xs-12 fw-col-sm-4\">\n\t<h3>Chicks<\/h3><a href=\"https:\/\/www.festivalanaokulu.com\/en\/siniflarimiz\/civcivler-sinifi-kres\/\" target=\"_self\" ><img src=\"https:\/\/www.festivalanaokulu.com\/wp-content\/uploads\/2018\/12\/Sisli-Festival-Anaokulu-Civciler-Kres-Sinifi-1-300x200.jpg\" alt=\"https:\/\/www.festivalanaokulu.com\/wp-content\/uploads\/2018\/12\/Sisli-Festival-Anaokulu-Civciler-Kres-Sinifi-1-300x200.jpg\" width=\"300\" height=\"200\" \/><\/a><\/div>\n<div class=\"fw-col-xs-12 fw-col-sm-4\">\n\t<h3>Butterflies<\/h3><a href=\"https:\/\/www.festivalanaokulu.com\/en\/okulumuzu-gezin\/siniflarimiz\/kelebekler-sinifi\/\" target=\"_self\" ><img src=\"https:\/\/www.festivalanaokulu.com\/wp-content\/uploads\/2018\/12\/Sisli-Festival-Anaokulu-Kelebekler-Okul-Oncesi-Sinifi-8-300x200.jpg\" alt=\"https:\/\/www.festivalanaokulu.com\/wp-content\/uploads\/2018\/12\/Sisli-Festival-Anaokulu-Kelebekler-Okul-Oncesi-Sinifi-8-300x200.jpg\" width=\"300\" height=\"200\" \/><\/a><\/div>\n<\/div>\n\n\t\t\t<\/div>\n        <\/div>\n\t\n\t\n<\/section><\/p>","protected":false},"excerpt":{"rendered":"<p>S\u0131n\u0131flar\u0131m\u0131z Y\u0131ld\u0131zlar Civcivler Kelebekler<\/p>","protected":false},"author":1,"featured_media":0,"parent":2391,"menu_order":2,"comment_status":"closed","ping_status":"closed","template":"","meta":[],"_links":{"self":[{"href":"https:\/\/www.festivalanaokulu.com\/en\/wp-json\/wp\/v2\/pages\/2678"}],"collection":[{"href":"https:\/\/www.festivalanaokulu.com\/en\/wp-json\/wp\/v2\/pages"}],"about":[{"href":"https:\/\/www.festivalanaokulu.com\/en\/wp-json\/wp\/v2\/types\/page"}],"author":[{"embeddable":true,"href":"https:\/\/www.festivalanaokulu.com\/en\/wp-json\/wp\/v2\/users\/1"}],"replies":[{"embeddable":true,"href":"https:\/\/www.festivalanaokulu.com\/en\/wp-json\/wp\/v2\/comments?post=2678"}],"version-history":[{"count":11,"href":"https:\/\/www.festivalanaokulu.com\/en\/wp-json\/wp\/v2\/pages\/2678\/revisions"}],"predecessor-version":[{"id":2767,"href":"https:\/\/www.festivalanaokulu.com\/en\/wp-json\/wp\/v2\/pages\/2678\/revisions\/2767"}],"up":[{"embeddable":true,"href":"https:\/\/www.festivalanaokulu.com\/en\/wp-json\/wp\/v2\/pages\/2391"}],"wp:attachment":[{"href":"https:\/\/www.festivalanaokulu.com\/en\/wp-json\/wp\/v2\/media?parent=2678"}],"curies":[{"name":"wp","href":"https:\/\/api.w.org\/{rel}","templated":true}]}}