{"id":2474,"date":"2018-09-05T14:52:28","date_gmt":"2018-09-05T11:52:28","guid":{"rendered":"https:\/\/www.festivalanaokulu.com\/?page_id=2474"},"modified":"2023-09-20T11:54:17","modified_gmt":"2023-09-20T08:54:17","slug":"biz-kimiz","status":"publish","type":"page","link":"https:\/\/www.festivalanaokulu.com\/en\/biz-kimiz\/","title":{"rendered":"About Us"},"content":{"rendered":"<p><section class=\"\"   style=background-attachment:fixed;>\n\t\t\t        <div class=\"inner-background\">\n        \t<div class=\"fw-container\" style=\"padding-top:150px;padding-bottom:50px;\">\n\t\t\t\t<div class=\"fw-row\">\n\t<div class=\"fw-col-xs-12\">\n\t<div class=\"col-lg-8 col-lg-offset-2\">\n    <!-- Section heading -->\n    <div class=\"section-heading\">\n        <h2>Our Founder<\/h2>\n    <\/div>\n<\/div><\/div>\n<\/div>\n\n<div class=\"fw-row\">\n\t<div class=\"fw-col-xs-12\">\n\t<ul class=\"nav nav-tabs\" id=\"myTab\">\n       \t\t<li class=\"tab-in\"><a href=\"#tab20\" data-toggle=\"tab\"><\/a><\/li>\n       <\/ul>\n\n<div class=\"tabbable\">\n   <div class=\"tab-content col-md-12 col-centered\">\n      \t\t\t<div class=\"tab-pane fade\" id=\"tab20\">\n\t\t         <div class=\"row\">\n\t\t            <div class=\"col-md-5 col-lg-5 pull-left\">\n\t\t               <!-- Activity image-->\n\t\t               <img src=\"\" alt=\"activities\" class=\"img-responsive img-circle\">\t\t\t\t\t\t\n\t\t            <\/div>\n\t\t            <div class=\"col-md-7 col-lg-7 pull-left\">\n\t\t               <!-- Activity text-->\n\t\t               <h3><\/h3>\n\t\t               <!-- Accordion -->\n\t\t               <div class=\"panel-group\" id=\"accordion5\">\n\t\t                  <!-- Question 1 -->\n\t\t                  \t\t\t                  \t\t<div class=\"panel\">\n\t\t\t                     <div class=\"panel-heading\">\n\t\t\t                        <h6 class=\"panel-title\">\n\t\t\t                           <a class=\"accordion-toggle collapsed\" data-toggle=\"collapse\" data-parent=\"#accordion5\" href=\"#collapse50\">CV<\/a>\n\t\t\t                        <\/h6>\n\t\t\t                     <\/div>\n\t\t\t                     <div id=\"collapse50\" class=\"panel-collapse collapse\">\n\t\t\t                        <div class=\"panel-body\">\n\t\t\t                           <p><p>HACER ALKA\u00c7<\/p><p>Lise e\u011fitimimi \u00c7apa Anadolu \u00d6\u011fretmen Lisesi\u2019nde tamamlad\u0131ktan sonra Marmara \u00dcniversitesi Fen Bilimleri \u00d6\u011fretmenli\u011fi\u2019nden mezun oldum. Ard\u0131ndan \u00e7e\u015fitli \u00d6zel \u00d6\u011fretim Kurumlar\u0131nda ve Kamu Okullar\u0131nda \u00f6\u011fretmenlik ve idarecilik yapt\u0131m. 21. Y\u00fczy\u0131l okul d\u00fc\u015f\u00fcnce duvarlar\u0131n\u0131 y\u0131kmak i\u00e7in Oyun Akademi E\u011fitim ve Dan\u0131\u015fmanl\u0131k Merkezinin kurucu orta\u011f\u0131 olduktan sonra \u00f6zg\u00fcr bireylere \u00f6zg\u00fcn bir gelecek haz\u0131rlamak i\u00e7in Festival Anaokulu\u2019nu kurdum. Ebeveynlere y\u00f6nelik veli akademilerinde seminerler verdim. Marmara \u00dcniversitesi E\u011fitim Bilimleri Enstit\u00fcs\u00fc\u2019nde E\u011fitim Y\u00f6netimi ve Denetimi Anabilim Dal\u0131\u2019nda y\u00fcksek lisans \u00e7al\u0131\u015fmalar\u0131ma devam etmekteyim.<\/p>\t\t\t                           <\/p>\n\t\t\t                        <\/div>\n\t\t\t                     <\/div>\n\t\t\t                  <\/div>\n\n\t\t                  \t\t                  \t\t<div class=\"panel\">\n\t\t\t                     <div class=\"panel-heading\">\n\t\t\t                        <h6 class=\"panel-title\">\n\t\t\t                           <a class=\"accordion-toggle collapsed\" data-toggle=\"collapse\" data-parent=\"#accordion5\" href=\"#collapse51\">Message from Founder<\/a>\n\t\t\t                        <\/h6>\n\t\t\t                     <\/div>\n\t\t\t                     <div id=\"collapse51\" class=\"panel-collapse collapse\">\n\t\t\t                        <div class=\"panel-body\">\n\t\t\t                           <p><p>We aimed to thank our children who have transformed our lives into a festival and started on this journey. We did all to make them happy, to be safe, to trust themselves, to make sure that they made their way to the future.<\/p><p>As parents and educators who are aware of our vital responsibility, we have worked with devotion, we have prepared a beautiful educational environment for our children. All we hope was to come these day by believing yo touch their lives.<\/p><p>We invite all kind of flowers of the world to our kindergarten which we call as Festival in accordance with the comprehension and design it carries for us. We look forward to our children who want to join our festival with love, excitement and enthusiasm.<\/p><p>HACER ALKA\u00c7<\/p>\t\t\t                           <\/p>\n\t\t\t                        <\/div>\n\t\t\t                     <\/div>\n\t\t\t                  <\/div>\n\n\t\t                  \t\t                  \n\t\t               <\/div>\n\t\t               \t\t               <!-- \/.accordion -->\t\n\t\t            <\/div>\n\t\t            <!-- \/.col-md-7 -->\n\t\t         <\/div>\n\t\t         <!-- \/.row -->\n\t\t      <\/div>\n\t\t      \n   <\/div>\n   <!--tab-content-->  \n<\/div>\n<!--tababble-->\n<\/div>\n<\/div>\n\n\t\t\t<\/div>\n        <\/div>\n\t\n\t\n<\/section><section class=\"\"   style=background-attachment:fixed;>\n\t\t\t        <div class=\"inner-background\">\n        \t<div class=\"fw-container\" style=\"padding-top:50px;padding-bottom:50px;\">\n\t\t\t\t<div class=\"fw-row\">\n\t<div class=\"fw-col-xs-12\">\n\t<div class=\"col-lg-8 col-lg-offset-2\">\n    <!-- Section heading -->\n    <div class=\"section-heading\">\n        <h2>Our Team<\/h2>\n    <\/div>\n<\/div><\/div>\n<\/div>\n\n<div class=\"fw-row\">\n\t<div class=\"fw-col-xs-12\">\n\t\t<div id=\"owl-team\" class=\"owl-carousel\">\n\t\t\t\t<!-- Team Carousel-->\n\t\t\t<div class=\"col-lg-12\">\n\t\t\t\t<!-- member 1-->\n\t\t\t\t<div class=\"team-item\">\n\t\t\t\t\t\t\t\t\t   \t\t<img src=\"\/\/www.festivalanaokulu.com\/wp-content\/uploads\/2018\/08\/bahar-sipal.jpg\" alt=\"Team Member Image\"\/>\n\t\t\t\t  \t\t\t\t\t   \n\t\t\t\t<\/div>\n\t\t\t\t<div class=\"team-caption\">\n\t\t\t\t   \t\t\t\t\t      <h5 class=\"text-light\">Bahar \u015eipal<\/h5>\n\t\t\t\t    \t\t\t\t      <p>Pre-School Principal<\/p>\n\t\t\t\t<\/div>\n\t\t\t\t<!-- \/team-item-->\n\t\t\t<\/div>\n\t\t\t\t\t<!-- Team Carousel-->\n\t\t\t<div class=\"col-lg-12\">\n\t\t\t\t<!-- member 1-->\n\t\t\t\t<div class=\"team-item\">\n\t\t\t\t\t\t\t\t\t   \t\t<img src=\"\/\/www.festivalanaokulu.com\/wp-content\/uploads\/2018\/08\/esra-senturk.jpg\" alt=\"Team Member Image\"\/>\n\t\t\t\t  \t\t\t\t\t   \n\t\t\t\t<\/div>\n\t\t\t\t<div class=\"team-caption\">\n\t\t\t\t   \t\t\t\t\t      <h5 class=\"text-light\">Esra \u015eent\u00fcrk<\/h5>\n\t\t\t\t    \t\t\t\t      <p>Kindergarten Teacher<\/p>\n\t\t\t\t<\/div>\n\t\t\t\t<!-- \/team-item-->\n\t\t\t<\/div>\n\t\t\t\t\t<!-- Team Carousel-->\n\t\t\t<div class=\"col-lg-12\">\n\t\t\t\t<!-- member 1-->\n\t\t\t\t<div class=\"team-item\">\n\t\t\t\t\t\t\t\t\t   \t\t<img src=\"\/\/www.festivalanaokulu.com\/wp-content\/uploads\/2018\/08\/hatice.jpg\" alt=\"Team Member Image\"\/>\n\t\t\t\t  \t\t\t\t\t   \n\t\t\t\t<\/div>\n\t\t\t\t<div class=\"team-caption\">\n\t\t\t\t   \t\t\t\t\t      <h5 class=\"text-light\">H. G\u00fcl Bayrak<\/h5>\n\t\t\t\t    \t\t\t\t      <p>Pre School Teacher<\/p>\n\t\t\t\t<\/div>\n\t\t\t\t<!-- \/team-item-->\n\t\t\t<\/div>\n\t\t\t\t\t<!-- Team Carousel-->\n\t\t\t<div class=\"col-lg-12\">\n\t\t\t\t<!-- member 1-->\n\t\t\t\t<div class=\"team-item\">\n\t\t\t\t\t\t\t\t\t   \t\t<img src=\"\/\/www.festivalanaokulu.com\/wp-content\/uploads\/2019\/10\/festival_anaokulu_berat_sonmez-1.jpg\" alt=\"Team Member Image\"\/>\n\t\t\t\t  \t\t\t\t\t   \n\t\t\t\t<\/div>\n\t\t\t\t<div class=\"team-caption\">\n\t\t\t\t   \t\t\t\t\t      <h5 class=\"text-light\">Berat S\u00f6nmez<\/h5>\n\t\t\t\t    \t\t\t\t      <p>Nursery Teacher<\/p>\n\t\t\t\t<\/div>\n\t\t\t\t<!-- \/team-item-->\n\t\t\t<\/div>\n\t\t\t<\/div>\n<\/div>\n<\/div>\n\n\t\t\t<\/div>\n        <\/div>\n\t\n\t\n<\/section><section class=\"\"   style=background-attachment:fixed;>\n\t\t\t        <div class=\"inner-background\">\n        \t<div class=\"fw-container\" style=\"padding-top:50px;padding-bottom:50px;\">\n\t\t\t\t<div class=\"fw-row\">\n\t<div class=\"fw-col-xs-12\">\n\t<div class=\"col-lg-8 col-lg-offset-2\">\n    <!-- Section heading -->\n    <div class=\"section-heading\">\n        <h2>Our Logo<\/h2>\n    <\/div>\n<\/div><\/div>\n<\/div>\n\n<div class=\"fw-row\">\n\t<div class=\"fw-col-xs-12 fw-col-sm-8\">\n\t<p>Our logo, which carries our name, which is written in different colors, is reflected in the meaning of our name and the energy we carry.<\/p><p>We prepared our logo in different color in each letter and designed a smiley face in according to our slogan \u201cAll flowers of world come to here\u201d<\/p><\/div>\n<div class=\"fw-col-xs-12 fw-col-sm-4\">\n\t<p><img class=\"size-full wp-image-2484 aligncenter\" src=\"https:\/\/www.festivalanaokulu.com\/wp-content\/uploads\/2018\/09\/Festival-Anaokulu-Buyuk-F-1.png\" alt=\"\" width=\"475\" height=\"193\" \/><\/p><\/div>\n<\/div>\n\n\t\t\t<\/div>\n        <\/div>\n\t\n\t\n<\/section><section class=\"\"   style=background-attachment:fixed;>\n\t\t\t        <div class=\"inner-background\">\n        \t<div class=\"fw-container\" style=\"padding-top:50px;padding-bottom:50px;\">\n\t\t\t\t<div class=\"fw-row\">\n\t<div class=\"fw-col-xs-12\">\n\t<div class=\"col-lg-8 col-lg-offset-2\">\n    <!-- Section heading -->\n    <div class=\"section-heading\">\n        <h2>Human Resources<\/h2>\n    <\/div>\n<\/div><\/div>\n<\/div>\n\n<div class=\"fw-row\">\n\t<div class=\"fw-col-xs-12\">\n\t<div class=\"form-wrapper fw-contact-form contact-form\">\n\t<form data-fw-form-id=\"fw_form\" method=\"post\" action=\"https:\/\/www.festivalanaokulu.com\/en\/wp-json\/wp\/v2\/pages\/2474\" class=\"fw_form_fw_form\" data-fw-ext-forms-type=\"contact-forms\" data-trp-original-action=\"https:\/\/www.festivalanaokulu.com\/en\/wp-json\/wp\/v2\/pages\/2474\"  ><input type=\"hidden\" name=\"fwf\" value=\"fw_form\" \/><input type=\"hidden\" id=\"_nonce_4b4390835104dcd1858fd96b6996a3fc\" name=\"_nonce_4b4390835104dcd1858fd96b6996a3fc\" value=\"a61b21fc38\" \/><input type=\"hidden\" name=\"_wp_http_referer\" value=\"\/en\/wp-json\/wp\/v2\/pages\/2474\" \/><input type=\"hidden\" name=\"fw_ext_forms_form_type\" value=\"contact-forms\" \/><input type=\"hidden\" name=\"fw_ext_forms_form_id\" value=\"69fc929a3b050f2e27173d1723489343\" \/><div class=\"wrap-forms\">\n\t<div class=\"fw-row\"><div class=\"fw-col-xs-12 form-builder-item form-builder-item\">\n\t<div class=\"header title\">\n\t\t<h2>Bizimle \u00c7al\u0131\u015fmak \u0130ster misiniz?<\/h2>\n\t\t\t<\/div>\n<\/div><\/div><div class=\"fw-row\"><div class=\"fw-col-xs-12 fw-col-sm-6 form-builder-item\">\n\t<div class=\"field-text\">\n\t\t\t\t<label for=\"id-1\">Name\t\t\t<sup>*<\/sup>\t\t<\/label>\n\t\t\t\t<input type=\"text\" name=\"text_3561252\" placeholder=\"your name\" value=\"\" id=\"id-1\" required=\"required\" >\n\t\t\t<\/div>\n<\/div><div class=\"fw-col-xs-12 fw-col-sm-6 form-builder-item\">\n\t<div class=\"field-text\">\n\t\t\t\t<label for=\"id-2\">Surname\t\t\t<sup>*<\/sup>\t\t<\/label>\n\t\t\t\t<input type=\"text\" name=\"text_f9e3ae6\" placeholder=\"your surname\" value=\"\" id=\"id-2\" required=\"required\" >\n\t\t\t<\/div>\n<\/div><\/div><div class=\"fw-row\"><div class=\"fw-col-xs-12 fw-col-sm-6 form-builder-item\">\n\t<div class=\"field-text\">\n\t\t\t\t<label for=\"id-3\">Phone\t\t\t<sup>*<\/sup>\t\t<\/label>\n\t\t\t\t<input type=\"text\" name=\"number_45b2836\" placeholder=\"your phone\" value=\"\" id=\"id-3\" required=\"required\" data-constraint=\"{&quot;type&quot;:&quot;value&quot;,&quot;data&quot;:{&quot;min&quot;:0,&quot;max&quot;:0}}\" >\n\t\t\t<\/div>\n<\/div><div class=\"fw-col-xs-12 fw-col-sm-6 form-builder-item\">\n\t<div class=\"field-text\">\n\t\t\t\t<label for=\"id-4\">E-mail\t\t\t<sup>*<\/sup>\t\t<\/label>\n\t\t\t\t<input type=\"text\" name=\"email_d1d0010\" placeholder=\"your e-mail\" value=\"\" id=\"id-4\" required=\"required\" >\n\t\t\t<\/div>\n<\/div><\/div><div class=\"fw-row\"><\/div><\/div><div>\n\t<input type=\"submit\" value=\"Send\"\/>\n<\/div><input type=\"hidden\" name=\"trp-form-language\" value=\"en\"\/><\/form><\/div><\/div>\n<\/div>\n\n\t\t\t<\/div>\n        <\/div>\n\t\n\t\n<\/section><\/p>","protected":false},"excerpt":{"rendered":"<p>Kurucumuz \u00d6z Ge\u00e7mi\u015f HACER ALKA\u00c7Lise e\u011fitimimi \u00c7apa Anadolu \u00d6\u011fretmen Lisesi\u2019nde tamamlad\u0131ktan sonra Marmara \u00dcniversitesi Fen Bilimleri \u00d6\u011fretmenli\u011fi\u2019nden mezun oldum. Ard\u0131ndan \u00e7e\u015fitli \u00d6zel \u00d6\u011fretim Kurumlar\u0131nda ve Kamu Okullar\u0131nda \u00f6\u011fretmenlik ve idarecilik yapt\u0131m. 21. Y\u00fczy\u0131l okul d\u00fc\u015f\u00fcnce duvarlar\u0131n\u0131 y\u0131kmak i\u00e7in Oyun Akademi E\u011fitim ve Dan\u0131\u015fmanl\u0131k Merkezinin kurucu orta\u011f\u0131 olduktan sonra \u00f6zg\u00fcr bireylere \u00f6zg\u00fcn bir gelecek haz\u0131rlamak i\u00e7in [&hellip;]<\/p>","protected":false},"author":1,"featured_media":0,"parent":0,"menu_order":0,"comment_status":"closed","ping_status":"closed","template":"brizy-blank-template.php","meta":[],"_links":{"self":[{"href":"https:\/\/www.festivalanaokulu.com\/en\/wp-json\/wp\/v2\/pages\/2474"}],"collection":[{"href":"https:\/\/www.festivalanaokulu.com\/en\/wp-json\/wp\/v2\/pages"}],"about":[{"href":"https:\/\/www.festivalanaokulu.com\/en\/wp-json\/wp\/v2\/types\/page"}],"author":[{"embeddable":true,"href":"https:\/\/www.festivalanaokulu.com\/en\/wp-json\/wp\/v2\/users\/1"}],"replies":[{"embeddable":true,"href":"https:\/\/www.festivalanaokulu.com\/en\/wp-json\/wp\/v2\/comments?post=2474"}],"version-history":[{"count":24,"href":"https:\/\/www.festivalanaokulu.com\/en\/wp-json\/wp\/v2\/pages\/2474\/revisions"}],"predecessor-version":[{"id":2908,"href":"https:\/\/www.festivalanaokulu.com\/en\/wp-json\/wp\/v2\/pages\/2474\/revisions\/2908"}],"wp:attachment":[{"href":"https:\/\/www.festivalanaokulu.com\/en\/wp-json\/wp\/v2\/media?parent=2474"}],"curies":[{"name":"wp","href":"https:\/\/api.w.org\/{rel}","templated":true}]}}